{"id":8465,"date":"2024-09-06T21:35:19","date_gmt":"2024-09-06T21:35:19","guid":{"rendered":"https:\/\/proksol.com\/marketing\/?page_id=8465"},"modified":"2024-09-06T21:46:06","modified_gmt":"2024-09-06T21:46:06","slug":"pagina-de-gracias","status":"publish","type":"page","link":"https:\/\/proksol.com\/marketing\/pagina-de-gracias\/","title":{"rendered":"P\u00e1gina de gracias"},"content":{"rendered":"<p>[et_pb_section fb_built=&#8221;1&#8243; _builder_version=&#8221;4.0.10&#8243;][et_pb_row _builder_version=&#8221;4.0.10&#8243;][et_pb_column type=&#8221;4_4&#8243; _builder_version=&#8221;4.0.10&#8243;][et_pb_code _builder_version=&#8221;4.0.10&#8243; hover_enabled=&#8221;0&#8243;]<\/p>\n<div style=\"text-align: center;\"><!-- [et_pb_line_break_holder] -->    <\/p>\n<div style=\"margin-bottom: 20px;\"><!-- [et_pb_line_break_holder] -->        <img class=\"aligncenter\" src=\"https:\/\/proksol.com\/marketing\/wp-content\/uploads\/2021\/12\/Klik-gris-ws.png\" alt=\"\" width=\"400\" \/><!-- [et_pb_line_break_holder] -->    <\/div>\n<p><!-- [et_pb_line_break_holder] -->    <\/p>\n<div style=\"margin-bottom: 20px;\"><!-- [et_pb_line_break_holder] -->        <\/p>\n<h4><!-- [et_pb_line_break_holder] -->            <strong>Gracias por tu inter\u00e9s en nuestro proyecto<\/strong><\/p>\n<p><!-- [et_pb_line_break_holder] -->            <strong>Hemos recibido correctamente tus datos.<\/strong><\/p>\n<p><!-- [et_pb_line_break_holder] -->            <strong>Te esperamos este 14 y 15 de Septiembre a conocer nuestro apartamento modelo y compartir una copa de vino.<\/strong><\/p>\n<p><!-- [et_pb_line_break_holder] -->            <strong>Pronto recibir\u00e1s en tu correo el link con la ubicaci\u00f3n.<\/strong><\/p>\n<p><!-- [et_pb_line_break_holder] -->            <strong style=\"color: #BFF052;\">S\u00edguenos en nuestras redes sociales.<\/strong><!-- [et_pb_line_break_holder] -->        <\/h4>\n<p><!-- [et_pb_line_break_holder] -->    <\/div>\n<p><!-- [et_pb_line_break_holder] -->    <\/p>\n<div><!-- [et_pb_line_break_holder] -->        <\/p>\n<h3><!-- [et_pb_line_break_holder] -->            <a href=\"https:\/\/www.facebook.com\/KLIK-107011855122727\" target=\"_blank\" rel=\"noopener\"><!-- [et_pb_line_break_holder] -->                <img loading=\"lazy\" class=\"wp-image-2912\" src=\"https:\/\/proksol.com\/marketing\/wp-content\/uploads\/2021\/12\/facebook.png\" alt=\"facebook\" width=\"40\" height=\"40\" \/><!-- [et_pb_line_break_holder] -->            <\/a><!-- [et_pb_line_break_holder] -->            \u00a0\u00a0\u00a0<!-- [et_pb_line_break_holder] -->            <a href=\"https:\/\/www.instagram.com\/klik.habits\/?hl=es-la\" target=\"_blank\" rel=\"noopener\"><!-- [et_pb_line_break_holder] -->                <img loading=\"lazy\" class=\"wp-image-2912\" src=\"https:\/\/proksol.com\/marketing\/wp-content\/uploads\/2021\/12\/instagram.png\" alt=\"instagram\" width=\"40\" height=\"40\" \/><!-- [et_pb_line_break_holder] -->            <\/a><!-- [et_pb_line_break_holder] -->        <\/h3>\n<p><!-- [et_pb_line_break_holder] -->    <\/div>\n<p><!-- [et_pb_line_break_holder] --><\/div>\n<p><!-- [et_pb_line_break_holder] -->[\/et_pb_code][\/et_pb_column][\/et_pb_row][\/et_pb_section]<\/p>\n","protected":false},"excerpt":{"rendered":"<p>[et_pb_section fb_built=&#8221;1&#8243; _builder_version=&#8221;4.0.10&#8243;][et_pb_row _builder_version=&#8221;4.0.10&#8243;][et_pb_column type=&#8221;4_4&#8243; _builder_version=&#8221;4.0.10&#8243;][et_pb_code _builder_version=&#8221;4.0.10&#8243; hover_enabled=&#8221;0&#8243;] Gracias por tu inter\u00e9s en nuestro proyecto Hemos recibido correctamente tus datos. Te esperamos este 14 y 15 de Septiembre a conocer nuestro apartamento modelo y compartir una copa de vino. Pronto recibir\u00e1s en tu correo el link con la ubicaci\u00f3n. S\u00edguenos en nuestras redes sociales. \u00a0\u00a0\u00a0 [&hellip;]<\/p>\n","protected":false},"author":33,"featured_media":0,"parent":0,"menu_order":0,"comment_status":"closed","ping_status":"closed","template":"page-template-blank.php","meta":{"_et_pb_use_builder":"on","_et_pb_old_content":""},"_links":{"self":[{"href":"https:\/\/proksol.com\/marketing\/wp-json\/wp\/v2\/pages\/8465"}],"collection":[{"href":"https:\/\/proksol.com\/marketing\/wp-json\/wp\/v2\/pages"}],"about":[{"href":"https:\/\/proksol.com\/marketing\/wp-json\/wp\/v2\/types\/page"}],"author":[{"embeddable":true,"href":"https:\/\/proksol.com\/marketing\/wp-json\/wp\/v2\/users\/33"}],"replies":[{"embeddable":true,"href":"https:\/\/proksol.com\/marketing\/wp-json\/wp\/v2\/comments?post=8465"}],"version-history":[{"count":5,"href":"https:\/\/proksol.com\/marketing\/wp-json\/wp\/v2\/pages\/8465\/revisions"}],"predecessor-version":[{"id":8470,"href":"https:\/\/proksol.com\/marketing\/wp-json\/wp\/v2\/pages\/8465\/revisions\/8470"}],"wp:attachment":[{"href":"https:\/\/proksol.com\/marketing\/wp-json\/wp\/v2\/media?parent=8465"}],"curies":[{"name":"wp","href":"https:\/\/api.w.org\/{rel}","templated":true}]}}