{"id":6022,"date":"2021-08-23T10:53:39","date_gmt":"2021-08-23T10:53:39","guid":{"rendered":"https:\/\/proksol.com\/marketing\/?page_id=6022"},"modified":"2025-07-11T13:29:01","modified_gmt":"2025-07-11T13:29:01","slug":"fb-pl-forte-puerta-del-sol-b-6069","status":"publish","type":"page","link":"https:\/\/proksol.com\/marketing\/fb-pl-forte-puerta-del-sol-b-6069\/","title":{"rendered":"FB PL Forte Puerta del Sol b ##6069"},"content":{"rendered":"<p>[et_pb_section fb_built=&#8221;1&#8243; _builder_version=&#8221;4.0.10&#8243; background_color=&#8221;#212128&#8243; background_image=&#8221;https:\/\/proksol.com\/marketing\/wp-content\/uploads\/2021\/08\/senderos.jpg&#8221; background_blend=&#8221;soft-light&#8221; custom_padding=&#8221;1px||6px|||&#8221;][et_pb_row column_structure=&#8221;1_2,1_2&#8243; _builder_version=&#8221;4.0.10&#8243;][et_pb_column type=&#8221;1_2&#8243; _builder_version=&#8221;4.0.10&#8243;][et_pb_image src=&#8221;https:\/\/proksol.com\/marketing\/wp-content\/uploads\/2020\/09\/Logo-FPS.png&#8221; _builder_version=&#8221;4.0.10&#8243; width=&#8221;47%&#8221; module_alignment=&#8221;center&#8221;][\/et_pb_image][\/et_pb_column][et_pb_column type=&#8221;1_2&#8243; _builder_version=&#8221;4.0.10&#8243;][et_pb_image src=&#8221;https:\/\/proksol.com\/marketing\/wp-content\/uploads\/2021\/06\/Sello-forte-1.png&#8221; _builder_version=&#8221;4.0.10&#8243; width=&#8221;24%&#8221; module_alignment=&#8221;center&#8221;][\/et_pb_image][\/et_pb_column][\/et_pb_row][et_pb_row column_structure=&#8221;3_5,2_5&#8243; _builder_version=&#8221;4.0.10&#8243; custom_padding=&#8221;||4px|||&#8221; locked=&#8221;off&#8221;][et_pb_column type=&#8221;3_5&#8243; _builder_version=&#8221;4.0.10&#8243;][et_pb_slider use_bg_overlay=&#8221;off&#8221; arrows_custom_color=&#8221;#ffffff&#8221; dot_nav_custom_color=&#8221;#ffffff&#8221; _builder_version=&#8221;4.0.10&#8243; header_font=&#8221;|600|||||||&#8221; content_max_width=&#8221;100%&#8221; custom_padding=&#8221;||||false|false&#8221; header_text_shadow_style=&#8221;preset5&#8243;][et_pb_slide heading=&#8221;\u00a1El futuro inmobiliario esta aqu\u00ed!&#8221; image=&#8221;https:\/\/proksol.com\/marketing\/wp-content\/uploads\/2021\/08\/porteria.jpg&#8221; _builder_version=&#8221;4.0.10&#8243; background_color=&#8221;#799E51&#8243; background_enable_color=&#8221;on&#8221; width=&#8221;100%&#8221; max_width=&#8221;100%&#8221;][\/et_pb_slide][et_pb_slide heading=&#8221;\u00c1reas construidas desde 53.55 m\u00b2 hasta 76.61 m\u00b2&#8221; image=&#8221;https:\/\/proksol.com\/marketing\/wp-content\/uploads\/2021\/08\/familia.jpg&#8221; _builder_version=&#8221;4.0.10&#8243; background_color=&#8221;#799E51&#8243; background_enable_color=&#8221;on&#8221; width=&#8221;100%&#8221; max_width=&#8221;100%&#8221;][\/et_pb_slide][et_pb_slide heading=&#8221;Desde $ 214.227.024&#8243; image=&#8221;https:\/\/proksol.com\/marketing\/wp-content\/uploads\/2021\/08\/senderos.jpg&#8221; _builder_version=&#8221;4.0.10&#8243; background_color=&#8221;#799E51&#8243; background_enable_color=&#8221;on&#8221; width=&#8221;100%&#8221; max_width=&#8221;100%&#8221;][\/et_pb_slide][et_pb_slide heading=&#8221;Ubicaci\u00f3n Estrat\u00e9gica en Cajic\u00e1&#8221; image=&#8221;https:\/\/proksol.com\/marketing\/wp-content\/uploads\/2021\/08\/ejercicio.jpg&#8221; _builder_version=&#8221;4.0.10&#8243; background_color=&#8221;#799E51&#8243; background_enable_color=&#8221;on&#8221; width=&#8221;100%&#8221; max_width=&#8221;100%&#8221;][\/et_pb_slide][et_pb_slide heading=&#8221;Zonas comunes privilegiadas&#8221; image=&#8221;https:\/\/proksol.com\/marketing\/wp-content\/uploads\/2021\/08\/piscina.jpg&#8221; _builder_version=&#8221;4.0.10&#8243; background_color=&#8221;#799E51&#8243; background_enable_color=&#8221;on&#8221; width=&#8221;100%&#8221; max_width=&#8221;100%&#8221;][\/et_pb_slide][\/et_pb_slider][\/et_pb_column][et_pb_column type=&#8221;2_5&#8243; _builder_version=&#8221;4.0.10&#8243;][et_pb_text _builder_version=&#8221;4.0.10&#8243; text_font=&#8221;Verdana|600|||||||&#8221; text_font_size=&#8221;27px&#8221; header_font=&#8221;|600||on|||||&#8221; header_text_align=&#8221;left&#8221; header_text_color=&#8221;#ffffff&#8221; header_font_size=&#8221;20px&#8221; header_line_height=&#8221;1.2em&#8221; custom_margin=&#8221;||0px|||&#8221;]<\/p>\n<h1 style=\"text-align: center;\">Proyecto de <span style=\"color: #99cc00;\">vivienda en Cajic\u00e1 <\/span>ideal para disfrutar de la naturaleza en familia<\/h1>\n<p>[\/et_pb_text][et_pb_text _builder_version=&#8221;4.0.10&#8243; text_font=&#8221;||||||||&#8221; text_text_color=&#8221;#ffffff&#8221; text_font_size=&#8221;22px&#8221; text_line_height=&#8221;1.4em&#8221; header_font=&#8221;Verdana|600|||||||&#8221; header_font_size=&#8221;20px&#8221; header_line_height=&#8221;1.2em&#8221;]<\/p>\n<p><span style=\"color: #99cc00;\"><strong>Forte Puerta del Sol<\/strong><\/span> es un conjunto residencial de Cajic\u00e1 dise\u00f1ado para quienes reconocen en la tranquilidad, el valor de la familia, el trabajo local y la importancia de lo rural el factor diferenciador para tener una vida plena y acompa\u00f1ada de grandes momentos<\/p>\n<p>[\/et_pb_text][et_pb_blurb title=&#8221;Caracter\u00edsticas&#8221; use_icon=&#8221;on&#8221; font_icon=&#8221;%%32%%&#8221; icon_color=&#8221;#799E51&#8243; icon_placement=&#8221;left&#8221; use_icon_font_size=&#8221;on&#8221; icon_font_size=&#8221;26px&#8221; _builder_version=&#8221;4.0.10&#8243; header_font=&#8221;|600|||||||&#8221; header_text_color=&#8221;#ffffff&#8221; body_text_color=&#8221;#ffffff&#8221; body_font_size=&#8221;19px&#8221; body_line_height=&#8221;1.4em&#8221;]<\/p>\n<p>-Piscina cubierta m\u00faltiple<br \/> -Sal\u00f3n comunal<br \/> -Zona infantil<br \/> -Terraza BBQ<br \/> -Parqueaderos privados<br \/> -Cancha M\u00faltiple<br \/> -Recepci\u00f3n y sala de espera<br \/> -Gimnasio y \u00c1reas deportivas<\/p>\n<p>&nbsp;<\/p>\n<p>&nbsp;<\/p>\n<p>[\/et_pb_blurb][\/et_pb_column][\/et_pb_row][et_pb_row _builder_version=&#8221;4.0.10&#8243;][et_pb_column type=&#8221;4_4&#8243; _builder_version=&#8221;4.0.10&#8243;][et_pb_text _builder_version=&#8221;4.0.10&#8243; header_2_font=&#8221;Poppins||||||||&#8221; header_2_text_align=&#8221;center&#8221; header_2_text_color=&#8221;#ffffff&#8221;]<\/p>\n<h2>\u00a1No te lo pierdas!<\/h2>\n<p>[\/et_pb_text][\/et_pb_column][\/et_pb_row][\/et_pb_section][et_pb_section fb_built=&#8221;1&#8243; _builder_version=&#8221;4.0.10&#8243; background_color=&#8221;#799E51&#8243; custom_padding=&#8221;0px||0px|||&#8221;][et_pb_row _builder_version=&#8221;4.0.10&#8243;][et_pb_column type=&#8221;4_4&#8243; _builder_version=&#8221;4.0.10&#8243;][et_pb_text _builder_version=&#8221;4.0.10&#8243; header_2_font=&#8221;Poppins|300|||||||&#8221; header_2_text_align=&#8221;center&#8221; header_2_text_color=&#8221;#ffffff&#8221; header_2_font_size=&#8221;27px&#8221; header_2_line_height=&#8221;1.2em&#8221; custom_margin=&#8221;||-3px|||&#8221;]<\/p>\n<h2><strong>Apartamentos en la Sabana de Bogot\u00e1 con Acabados<\/strong><\/h2>\n<p>[\/et_pb_text][et_pb_text _builder_version=&#8221;4.0.10&#8243; header_2_font=&#8221;Poppins|300|||||||&#8221; header_2_text_align=&#8221;center&#8221; header_2_text_color=&#8221;#ffffff&#8221;]<\/p>\n<h2>Explora los espacios que tenemos destinados para preservar tu tranquilidad <\/h2>\n<p>[\/et_pb_text][\/et_pb_column][\/et_pb_row][\/et_pb_section][et_pb_section fb_built=&#8221;1&#8243; _builder_version=&#8221;4.0.10&#8243; background_enable_image=&#8221;off&#8221; custom_padding=&#8221;51px|||||&#8221; locked=&#8221;off&#8221;][et_pb_row column_structure=&#8221;2_3,1_3&#8243; _builder_version=&#8221;4.0.10&#8243; width=&#8221;57%&#8221; custom_margin=&#8221;|auto|||false|false&#8221;][et_pb_column type=&#8221;2_3&#8243; _builder_version=&#8221;4.0.10&#8243;][et_pb_gallery gallery_ids=&#8221;5779,5782,5783&#8243; fullwidth=&#8221;on&#8221; _builder_version=&#8221;4.0.10&#8243; custom_margin=&#8221;-9px|||||&#8221; border_width_all=&#8221;3px&#8221; border_color_all=&#8221;#799e51&#8243;][\/et_pb_gallery][\/et_pb_column][et_pb_column type=&#8221;1_3&#8243; _builder_version=&#8221;4.0.10&#8243;][et_pb_blurb image=&#8221;https:\/\/proksol.com\/marketing\/wp-content\/uploads\/2021\/07\/cuarto-forte.png&#8221; icon_placement=&#8221;left&#8221; _builder_version=&#8221;4.0.10&#8243; body_font=&#8221;Poppins||||||||&#8221; body_font_size=&#8221;7px&#8221; animation=&#8221;off&#8221;]<\/p>\n<h3>Habitaciones desde 2 hasta 3<\/h3>\n<p>[\/et_pb_blurb][et_pb_blurb image=&#8221;https:\/\/proksol.com\/marketing\/wp-content\/uploads\/2021\/07\/bano-forte.png&#8221; icon_placement=&#8221;left&#8221; _builder_version=&#8221;4.0.10&#8243; body_font=&#8221;Poppins||||||||&#8221; body_font_size=&#8221;93px&#8221; animation=&#8221;off&#8221;]<\/p>\n<h3>2 ba\u00f1os<\/h3>\n<p>[\/et_pb_blurb][et_pb_blurb image=&#8221;https:\/\/proksol.com\/marketing\/wp-content\/uploads\/2021\/07\/cocina-forte.png&#8221; icon_placement=&#8221;left&#8221; _builder_version=&#8221;4.0.10&#8243; body_font=&#8221;Poppins||||||||&#8221; animation=&#8221;off&#8221;]<\/p>\n<h3>Cocina abierta<\/h3>\n<p>[\/et_pb_blurb][et_pb_blurb image=&#8221;https:\/\/proksol.com\/marketing\/wp-content\/uploads\/2021\/07\/monedas-forte.png&#8221; icon_placement=&#8221;left&#8221; _builder_version=&#8221;4.0.10&#8243; body_font=&#8221;Poppins||||||||&#8221; animation=&#8221;off&#8221;]<\/p>\n<h3>Precio desde $214.227.024<\/h3>\n<p>[\/et_pb_blurb][et_pb_blurb image=&#8221;https:\/\/proksol.com\/marketing\/wp-content\/uploads\/2021\/07\/medida-forte.png&#8221; icon_placement=&#8221;left&#8221; _builder_version=&#8221;4.0.10&#8243; body_font=&#8221;Poppins||||||||&#8221; animation=&#8221;off&#8221;]<\/p>\n<h3>\u00c1reas construidas desde 53.55 m\u00b2 hasta 76.61 m\u00b2<\/h3>\n<p>[\/et_pb_blurb][et_pb_blurb image=&#8221;https:\/\/proksol.com\/marketing\/wp-content\/uploads\/2021\/07\/balcon-forte.png&#8221; icon_placement=&#8221;left&#8221; _builder_version=&#8221;4.0.10&#8243; body_font=&#8221;Poppins||||||||&#8221; animation=&#8221;off&#8221;]<\/p>\n<h3>Cuenta con balc\u00f3n<\/h3>\n<p>[\/et_pb_blurb][et_pb_blurb image=&#8221;https:\/\/proksol.com\/marketing\/wp-content\/uploads\/2021\/08\/aparcamiento1.png&#8221; icon_placement=&#8221;left&#8221; _builder_version=&#8221;4.0.10&#8243; body_font=&#8221;Poppins||||||||&#8221; animation=&#8221;off&#8221;]<\/p>\n<h3>Parqueadero abierto<\/h3>\n<p>[\/et_pb_blurb][\/et_pb_column][\/et_pb_row][\/et_pb_section][et_pb_section fb_built=&#8221;1&#8243; _builder_version=&#8221;4.0.10&#8243; background_color=&#8221;#799E51&#8243; custom_padding=&#8221;16px||0px|||&#8221; border_width_all=&#8221;1px&#8221; border_color_all=&#8221;#FFFFFF&#8221; locked=&#8221;off&#8221;][et_pb_row _builder_version=&#8221;4.0.10&#8243; custom_padding=&#8221;||21px|||&#8221;][et_pb_column type=&#8221;4_4&#8243; _builder_version=&#8221;4.0.10&#8243;][et_pb_text _builder_version=&#8221;4.0.10&#8243; header_2_font=&#8221;Poppins||||||||&#8221; header_2_text_align=&#8221;center&#8221; header_2_text_color=&#8221;#ffffff&#8221; custom_margin=&#8221;||-3px|||&#8221;]<\/p>\n<h2>Visita nuestra sala de ventas en la Carrera 6 N\u00b0 15a-96<br \/> v\u00eda Cajic\u00e1 &#8211; Zipaquir\u00e1<\/h2>\n<p>[\/et_pb_text][\/et_pb_column][\/et_pb_row][\/et_pb_section][et_pb_section fb_built=&#8221;1&#8243; _builder_version=&#8221;4.0.10&#8243; custom_padding=&#8221;4px||9px|||&#8221;][et_pb_row _builder_version=&#8221;4.0.10&#8243; custom_padding=&#8221;||5px|||&#8221;][et_pb_column type=&#8221;4_4&#8243; _builder_version=&#8221;4.0.10&#8243;][et_pb_text _builder_version=&#8221;4.0.10&#8243; header_2_font=&#8221;Poppins||||||||&#8221; custom_margin=&#8221;||1px|||&#8221;]<\/p>\n<h2 style=\"text-align: center;\">Conoce nuestro <span style=\"color: #808000;\">apartamento<\/span> modelo<\/h2>\n<p>[\/et_pb_text][et_pb_image src=&#8221;https:\/\/proksol.com\/marketing\/wp-content\/uploads\/2021\/08\/tocar.png&#8221; _builder_version=&#8221;4.0.10&#8243; width=&#8221;7%&#8221; module_alignment=&#8221;center&#8221;][\/et_pb_image][\/et_pb_column][\/et_pb_row][et_pb_row _builder_version=&#8221;4.0.10&#8243;][et_pb_column type=&#8221;4_4&#8243; _builder_version=&#8221;4.0.10&#8243;][et_pb_video src=&#8221;https:\/\/proksol.com\/marketing\/wp-content\/uploads\/2021\/07\/Puerta-Del-Sol.m4v&#8221; image_src=&#8221;https:\/\/proksol.com\/marketing\/wp-content\/uploads\/2021\/07\/porteria.jpg&#8221; thumbnail_overlay_color=&#8221;rgba(0,0,0,0.6)&#8221; _builder_version=&#8221;4.0.10&#8243;][\/et_pb_video][\/et_pb_column][\/et_pb_row][\/et_pb_section][et_pb_section fb_built=&#8221;1&#8243; _builder_version=&#8221;4.0.10&#8243; custom_padding=&#8221;4px||6px|||&#8221; top_divider_style=&#8221;slant2&#8243; top_divider_color=&#8221;#799E51&#8243; top_divider_height=&#8221;34px&#8221; bottom_divider_style=&#8221;ramp2&#8243; bottom_divider_color=&#8221;#799E51&#8243;][et_pb_row _builder_version=&#8221;4.0.10&#8243;][et_pb_column type=&#8221;4_4&#8243; _builder_version=&#8221;4.0.10&#8243;][et_pb_text _builder_version=&#8221;4.0.10&#8243; header_2_font=&#8221;Poppins||||||||&#8221; header_2_text_align=&#8221;center&#8221; header_2_text_color=&#8221;#799E51&#8243; custom_margin=&#8221;||2px|||&#8221;]<\/p>\n<h2>Disfruta en familia de sus m\u00faltiples zonas comunes<\/h2>\n<p>[\/et_pb_text][et_pb_text _builder_version=&#8221;4.0.10&#8243; header_3_font=&#8221;Poppins|300|||||||&#8221; header_3_text_align=&#8221;center&#8221; header_3_text_color=&#8221;#799E51&#8243; custom_margin=&#8221;||-2px|||&#8221; custom_padding=&#8221;||9px|||&#8221;]<\/p>\n<h3>En Forte Puerta del Sol hay un espacio para tu mascota<\/h3>\n<p>[\/et_pb_text][et_pb_text _builder_version=&#8221;4.0.10&#8243; header_3_font=&#8221;Poppins|200|||||||&#8221; header_3_text_color=&#8221;#000000&#8243; header_3_font_size=&#8221;18px&#8221; header_3_line_height=&#8221;1.4em&#8221; locked=&#8221;off&#8221;]<\/p>\n<h3 style=\"text-align: center;\">\u26abGimnasio y \u00e1reas deportivas \u26abPiscina \u26abParqueaderos\u00a0 \u26abTerraza BBQ \u26abSal\u00f3n com\u00fan \u26abPet friendly<\/h3>\n<p>[\/et_pb_text][\/et_pb_column][\/et_pb_row][et_pb_row _builder_version=&#8221;4.0.10&#8243; custom_margin=&#8221;-12px|auto||auto||&#8221;][et_pb_column type=&#8221;4_4&#8243; _builder_version=&#8221;4.0.10&#8243;][et_pb_gallery gallery_ids=&#8221;5870,5871,5875,5872,5873,5874&#8243; fullwidth=&#8221;on&#8221; _builder_version=&#8221;4.0.10&#8243;][\/et_pb_gallery][et_pb_divider color=&#8221;rgba(0,0,0,0)&#8221; _builder_version=&#8221;4.0.10&#8243;][\/et_pb_divider][\/et_pb_column][\/et_pb_row][\/et_pb_section][et_pb_section fb_built=&#8221;1&#8243; _builder_version=&#8221;4.0.10&#8243; background_color=&#8221;#ececec&#8221; custom_padding=&#8221;||17px|||&#8221; locked=&#8221;off&#8221;][et_pb_row _builder_version=&#8221;4.0.10&#8243;][et_pb_column type=&#8221;4_4&#8243; _builder_version=&#8221;4.0.10&#8243;][et_pb_text _builder_version=&#8221;4.0.10&#8243; text_font=&#8221;Roboto Mono||||||||&#8221; text_text_color=&#8221;#52768b&#8221; text_font_size=&#8221;25px&#8221; text_line_height=&#8221;1.1em&#8221;]<\/p>\n<p style=\"text-align: center;\">Forte Puerta del sol es un proyecto de <strong>Proksol,\u00a0<\/strong>constructora con m\u00e1s de 15 a\u00f1os de experiencia en el pa\u00eds.<\/p>\n<p>[\/et_pb_text][\/et_pb_column][\/et_pb_row][et_pb_row column_structure=&#8221;1_2,1_2&#8243; _builder_version=&#8221;4.0.10&#8243; locked=&#8221;off&#8221;][et_pb_column type=&#8221;1_2&#8243; _builder_version=&#8221;4.0.10&#8243;][et_pb_image src=&#8221;https:\/\/proksol.com\/marketing\/wp-content\/uploads\/2021\/02\/Logo-Proksol.png&#8221; _builder_version=&#8221;4.0.10&#8243; width=&#8221;60%&#8221; module_alignment=&#8221;center&#8221;][\/et_pb_image][\/et_pb_column][et_pb_column type=&#8221;1_2&#8243; _builder_version=&#8221;4.0.10&#8243;][et_pb_image src=&#8221;https:\/\/proksol.com\/marketing\/wp-content\/uploads\/2021\/06\/Sello-forte-1.png&#8221; _builder_version=&#8221;4.0.10&#8243; width=&#8221;28%&#8221; module_alignment=&#8221;center&#8221;][\/et_pb_image][\/et_pb_column][\/et_pb_row][\/et_pb_section][et_pb_section fb_built=&#8221;1&#8243; _builder_version=&#8221;4.0.10&#8243; background_color=&#8221;rgba(255,255,255,0.8)&#8221; background_image=&#8221;https:\/\/proksol.com\/marketing\/wp-content\/uploads\/2021\/07\/forte-puerta-del-sol.jpg&#8221; background_blend=&#8221;soft-light&#8221; custom_padding=&#8221;||0px|||&#8221; top_divider_style=&#8221;slant2&#8243; top_divider_color=&#8221;#799E51&#8243; top_divider_height=&#8221;39px&#8221; bottom_divider_style=&#8221;slant2&#8243; bottom_divider_color=&#8221;#799E51&#8243; bottom_divider_height=&#8221;38px&#8221;][et_pb_row column_structure=&#8221;1_2,1_2&#8243; _builder_version=&#8221;4.0.10&#8243; custom_padding=&#8221;4px||2px|||&#8221;][et_pb_column type=&#8221;1_2&#8243; _builder_version=&#8221;4.0.10&#8243;][et_pb_text _builder_version=&#8221;4.0.10&#8243; header_2_font=&#8221;Poppins||||||||&#8221; header_2_text_align=&#8221;center&#8221; header_2_font_size=&#8221;23px&#8221; header_2_line_height=&#8221;1.2em&#8221; custom_margin=&#8221;||2px|||&#8221;]<\/p>\n<h2><span class=\"value\" style=\"word-wrap: break-word; white-space: pre-wrap;\">Disfruta de un proyecto urbanizado y moderno<\/span><\/h2>\n<p><span class=\"value\" style=\"word-wrap: break-word; white-space: pre-wrap;\"><\/span><\/p>\n<h2><span class=\"value\" style=\"word-wrap: break-word; white-space: pre-wrap;\">Ubicado en la <\/span><strong>Carrera 6 N.\u00ba 15a-96<\/strong><\/h2>\n<h2><\/h2>\n<p>[\/et_pb_text][et_pb_image src=&#8221;https:\/\/proksol.com\/marketing\/wp-content\/uploads\/2020\/12\/mapa-puerta-dle-sol.jpg&#8221; url=&#8221;https:\/\/www.google.com\/maps\/place\/Proksol.+Forte+puerta+del+sol\/@4.9306967,-74.0217495,18z\/data=!4m5!3m4!1s0x8e40775c7e56101d:0xba0d519ac7a06a2a!8m2!3d4.9302825!4d-74.0213794&#8243; url_new_window=&#8221;on&#8221; align=&#8221;center&#8221; _builder_version=&#8221;4.0.10&#8243; border_width_all=&#8221;4px&#8221; border_color_all=&#8221;#799e51&#8243; box_shadow_style=&#8221;preset6&#8243; box_shadow_horizontal=&#8221;-11px&#8221; box_shadow_vertical=&#8221;-10px&#8221; box_shadow_spread=&#8221;15px&#8221;][\/et_pb_image][et_pb_text _builder_version=&#8221;4.0.10&#8243; header_3_font=&#8221;Poppins|300|||||||&#8221; header_3_text_align=&#8221;center&#8221; header_3_line_height=&#8221;1.3em&#8221;]<\/p>\n<h3>Con posibilidad de <strong>acceso<\/strong> y <strong>salida<\/strong> desde la antigua v\u00eda a Zipaquir\u00e1 y desde la variante Cajic\u00e1 &#8211; Zipaquir\u00e1<\/h3>\n<p>[\/et_pb_text][\/et_pb_column][et_pb_column type=&#8221;1_2&#8243; _builder_version=&#8221;4.0.10&#8243;][et_pb_text _builder_version=&#8221;4.0.10&#8243; header_2_font=&#8221;Poppins|500|||||||&#8221; header_2_text_align=&#8221;center&#8221; header_2_text_color=&#8221;#000000&#8243; header_2_font_size=&#8221;23px&#8221; header_2_line_height=&#8221;1.3em&#8221; custom_margin=&#8221;-3px||0px|||&#8221; header_2_text_shadow_style=&#8221;preset1&#8243; header_2_text_shadow_color=&#8221;rgba(0,0,0,0)&#8221;]<\/p>\n<h2><span class=\"value\">\u00a1<\/span><span class=\"value\">Vi<\/span><span class=\"value\">s\u00edtanos en la sala de ventas y preg\u00fantanos por el bono de descuento para la compra de electrodom\u00e9sticos Haceb!<\/span><\/h2>\n<p>[\/et_pb_text][et_pb_image src=&#8221;https:\/\/proksol.com\/marketing\/wp-content\/uploads\/2021\/08\/bono-regalo-forte-puerta-sol.png&#8221; _builder_version=&#8221;4.0.10&#8243; width=&#8221;97%&#8221;][\/et_pb_image][et_pb_text _builder_version=&#8221;4.0.10&#8243; header_3_font=&#8221;Poppins|300|||||||&#8221; header_3_text_align=&#8221;center&#8221; header_3_line_height=&#8221;1.3em&#8221;]<\/p>\n<h3><strong>*Aplica si adquieres el inmueble<\/strong><\/h3>\n<div class=\"et_pb_row et_pb_row_15\">\n<div class=\"et_pb_column et_pb_column_4_4 et_pb_column_23  et_pb_css_mix_blend_mode_passthrough et-last-child\"><\/div>\n<\/div>\n<p>[\/et_pb_text][\/et_pb_column][\/et_pb_row][et_pb_row _builder_version=&#8221;4.0.10&#8243;][et_pb_column type=&#8221;4_4&#8243; _builder_version=&#8221;4.0.10&#8243;][et_pb_divider color=&#8221;rgba(0,0,0,0)&#8221; _builder_version=&#8221;4.0.10&#8243;][\/et_pb_divider][\/et_pb_column][\/et_pb_row][\/et_pb_section][et_pb_section fb_built=&#8221;1&#8243; _builder_version=&#8221;4.0.10&#8243; custom_padding=&#8221;0px||3px|||&#8221;][et_pb_row _builder_version=&#8221;4.0.10&#8243; custom_padding=&#8221;0px||3px|||&#8221; z_index=&#8221;100&#8243;][et_pb_column type=&#8221;4_4&#8243; _builder_version=&#8221;4.0.10&#8243;][et_pb_code _builder_version=&#8221;4.0.10&#8243; z_index=&#8221;100&#8243; hover_enabled=&#8221;0&#8243;]<\/p>\n<style>.whatsapp-fwidget-escritorio, .whatsapp-fwidget-celular{position: fixed !important; right: 50px; bottom: 0px; z-index: 10 !important;}@media only screen and (min-width: 420px){.whatsapp-fwidget-celular{display:none}}@media only screen and (max-width: 419px){.whatsapp-fwidget-escritorio{display:none}}<\/style>\n<p><!-- [et_pb_line_break_holder] --><!-- [et_pb_line_break_holder] --><a class=\"whatsapp-fwidget-escritorio optin-popup\" href=\"https:\/\/proksol.com\/marketing\/ignicia-optin\/contactar-whatsapp-forte-3506549081-opt6809\/\" target=\"_blank\" rel=\"noopener noreferrer\"> <img class=\"\" src=\"https:\/\/proksol.com\/marketing\/wp-content\/uploads\/2025\/07\/whatsappforte-puerta-del-sol-nuevo-2.webp\" alt=\"preguntenos\" \/> <\/a> <a class=\"whatsapp-fwidget-celular optin-popup\" href=\"https:\/\/proksol.com\/marketing\/ignicia-optin\/contactar-whatsapp-forte-3506549081-opt6809\/\"> <img class=\"\" src=\"https:\/\/proksol.com\/marketing\/wp-content\/uploads\/2020\/08\/whatsappresponsive1.png\" alt=\"preguntenos\" \/><\/a><!-- [et_pb_line_break_holder] --><!-- [et_pb_line_break_holder] --><!-- [et_pb_line_break_holder] --><\/p>\n<style>.telefono-fwidget-escritorio{position: fixed !important; right: 230px; bottom: 0px; z-index: 30 !important;}<!-- [et_pb_line_break_holder] -->@media only screen and (min-width: 401px){.telefono-fwidget-celular{display:none}}<!-- [et_pb_line_break_holder] -->.telefono-fwidget-celular{position: fixed !important; right: 80px; bottom: 0px; z-index: 30 !important;}<!-- [et_pb_line_break_holder] -->@media only screen and (max-width: 400px){.telefono-fwidget-escritorio{display:none}}<!-- [et_pb_line_break_holder] --><\/style>\n<p><!-- [et_pb_line_break_holder] --><a class=\"telefono-fwidget-celular\" href=\"tel:3506549081\"> <img class=\"\" src=\"https:\/\/proksol.com\/marketing\/wp-content\/uploads\/2020\/08\/llamadasresponsive.png\" alt=\"preguntenos\" \/><\/a>[\/et_pb_code][\/et_pb_column][\/et_pb_row][\/et_pb_section]<\/p>\n","protected":false},"excerpt":{"rendered":"<p>[et_pb_section fb_built=&#8221;1&#8243; _builder_version=&#8221;4.0.10&#8243; background_color=&#8221;#212128&#8243; background_image=&#8221;https:\/\/proksol.com\/marketing\/wp-content\/uploads\/2021\/08\/senderos.jpg&#8221; background_blend=&#8221;soft-light&#8221; custom_padding=&#8221;1px||6px|||&#8221;][et_pb_row column_structure=&#8221;1_2,1_2&#8243; _builder_version=&#8221;4.0.10&#8243;][et_pb_column type=&#8221;1_2&#8243; _builder_version=&#8221;4.0.10&#8243;][et_pb_image src=&#8221;https:\/\/proksol.com\/marketing\/wp-content\/uploads\/2020\/09\/Logo-FPS.png&#8221; _builder_version=&#8221;4.0.10&#8243; width=&#8221;47%&#8221; module_alignment=&#8221;center&#8221;][\/et_pb_image][\/et_pb_column][et_pb_column type=&#8221;1_2&#8243; _builder_version=&#8221;4.0.10&#8243;][et_pb_image src=&#8221;https:\/\/proksol.com\/marketing\/wp-content\/uploads\/2021\/06\/Sello-forte-1.png&#8221; _builder_version=&#8221;4.0.10&#8243; width=&#8221;24%&#8221; module_alignment=&#8221;center&#8221;][\/et_pb_image][\/et_pb_column][\/et_pb_row][et_pb_row column_structure=&#8221;3_5,2_5&#8243; _builder_version=&#8221;4.0.10&#8243; custom_padding=&#8221;||4px|||&#8221; locked=&#8221;off&#8221;][et_pb_column type=&#8221;3_5&#8243; _builder_version=&#8221;4.0.10&#8243;][et_pb_slider use_bg_overlay=&#8221;off&#8221; arrows_custom_color=&#8221;#ffffff&#8221; dot_nav_custom_color=&#8221;#ffffff&#8221; _builder_version=&#8221;4.0.10&#8243; header_font=&#8221;|600|||||||&#8221; content_max_width=&#8221;100%&#8221; custom_padding=&#8221;||||false|false&#8221; header_text_shadow_style=&#8221;preset5&#8243;][et_pb_slide heading=&#8221;\u00a1El futuro inmobiliario esta aqu\u00ed!&#8221; image=&#8221;https:\/\/proksol.com\/marketing\/wp-content\/uploads\/2021\/08\/porteria.jpg&#8221; _builder_version=&#8221;4.0.10&#8243; background_color=&#8221;#799E51&#8243; background_enable_color=&#8221;on&#8221; width=&#8221;100%&#8221; max_width=&#8221;100%&#8221;][\/et_pb_slide][et_pb_slide heading=&#8221;\u00c1reas construidas desde 53.55 m\u00b2 hasta 76.61 m\u00b2&#8221; image=&#8221;https:\/\/proksol.com\/marketing\/wp-content\/uploads\/2021\/08\/familia.jpg&#8221; [&hellip;]<\/p>\n","protected":false},"author":15,"featured_media":0,"parent":0,"menu_order":0,"comment_status":"closed","ping_status":"closed","template":"page-template-blank.php","meta":{"_et_pb_use_builder":"on","_et_pb_old_content":""},"_links":{"self":[{"href":"https:\/\/proksol.com\/marketing\/wp-json\/wp\/v2\/pages\/6022"}],"collection":[{"href":"https:\/\/proksol.com\/marketing\/wp-json\/wp\/v2\/pages"}],"about":[{"href":"https:\/\/proksol.com\/marketing\/wp-json\/wp\/v2\/types\/page"}],"author":[{"embeddable":true,"href":"https:\/\/proksol.com\/marketing\/wp-json\/wp\/v2\/users\/15"}],"replies":[{"embeddable":true,"href":"https:\/\/proksol.com\/marketing\/wp-json\/wp\/v2\/comments?post=6022"}],"version-history":[{"count":18,"href":"https:\/\/proksol.com\/marketing\/wp-json\/wp\/v2\/pages\/6022\/revisions"}],"predecessor-version":[{"id":8541,"href":"https:\/\/proksol.com\/marketing\/wp-json\/wp\/v2\/pages\/6022\/revisions\/8541"}],"wp:attachment":[{"href":"https:\/\/proksol.com\/marketing\/wp-json\/wp\/v2\/media?parent=6022"}],"curies":[{"name":"wp","href":"https:\/\/api.w.org\/{rel}","templated":true}]}}