{"id":5656,"date":"2021-07-26T11:50:40","date_gmt":"2021-07-26T11:50:40","guid":{"rendered":"https:\/\/proksol.com\/marketing\/?page_id=5656"},"modified":"2021-07-26T11:54:33","modified_gmt":"2021-07-26T11:54:33","slug":"terminos-y-condiciones","status":"publish","type":"page","link":"https:\/\/proksol.com\/marketing\/terminos-y-condiciones\/","title":{"rendered":"T\u00e9rminos y Condiciones"},"content":{"rendered":"<p>[et_pb_section fb_built=&#8221;1&#8243; _builder_version=&#8221;4.0.10&#8243;][et_pb_row _builder_version=&#8221;4.0.10&#8243;][et_pb_column _builder_version=&#8221;4.0.10&#8243; type=&#8221;4_4&#8243;][et_pb_text _builder_version=&#8221;4.0.10&#8243; custom_padding=&#8221;||11px|||&#8221;]<\/p>\n<div class=\"et_pb_column et_pb_column_4_4 et_pb_column_0  et_pb_css_mix_blend_mode_passthrough et-last-child\">\n<div class=\"et_pb_module et_pb_text et_pb_text_0  et_pb_text_align_left et_pb_bg_layout_light\">\n<div class=\"et_pb_text_inner\">\n<h1><span>T\u00e9rminos y Condiciones<\/span><\/h1>\n<\/div>\n<\/div>\n<\/div>\n<p>[\/et_pb_text][et_pb_text _builder_version=&#8221;4.0.10&#8243; hover_enabled=&#8221;0&#8243;]<\/p>\n<div>\n<p>Bienvenido a nuestro sitio web. Si contin\u00faa navegando y utilizando este sitio web, usted acepta cumplir y estar sujeto a los siguientes t\u00e9rminos y condiciones de uso, que junto con nuestra pol\u00edtica de privacidad gobiernan<span> <a href=\"https:\/\/proksol.com\/marketing\/\">https:\/\/proksol.com\/marketing\/<\/a> <\/span>la relaci\u00f3n con usted en relaci\u00f3n con este sitio web. Si no est\u00e1 de acuerdo con alguna parte de estos t\u00e9rminos y condiciones, por favor no utilice nuestro sitio web.<\/p>\n<p>El t\u00e9rmino <a href=\"https:\/\/proksol.com\/marketing\/\">https:\/\/proksol.com\/marketing\/<\/a> o \u201cnosotros\u201d se refiere al titular del sitio web. El t\u00e9rmino \u201custed\u201d se refiere al usuario o visitante de nuestro sitio web.<\/p>\n<p>&nbsp;<\/p>\n<h3>El uso de este sitio web est\u00e1 sujeto a las siguientes condiciones de uso:<\/h3>\n<ul>\n<li>El contenido de las p\u00e1ginas\u00a0<a href=\"https:\/\/proksol.com\/marketing\/\">https:\/\/proksol.com\/marketing\/<\/a> de este sitio web es para su informaci\u00f3n y uso general.<\/li>\n<li>Est\u00e1 sujeto a cambios sin previo aviso.<\/li>\n<li>Ni nosotros ni ning\u00fan tercero ofrece una total garant\u00eda en cuanto a la exactitud, puntualidad, rendimiento, integridad o adecuaci\u00f3n de la informaci\u00f3n y los materiales encontrados u ofrecidos en este sitio para cualquier prop\u00f3sito particular.<\/li>\n<li>Usted reconoce que dicha informaci\u00f3n y materiales pueden contener inexactitudes o errores y expreso excluimos la responsabilidad por cualquier inexactitud o errores en la m\u00e1xima medida permitida por la ley.<\/li>\n<li>El uso de cualquier informaci\u00f3n o materiales contenidos en este sitio web es bajo su propio riesgo, para lo cual no se hace responsable.<\/li>\n<li>Ser\u00e1 su responsabilidad para garantizar que cualquier producto, servicio o informaci\u00f3n disponible a trav\u00e9s de este sitio Web a sus necesidades espec\u00edficas.<\/li>\n<li>Este sitio web contiene material que es propiedad de nosotros.<\/li>\n<li>Este material incluye, pero no limitado a, el dise\u00f1o, presentaci\u00f3n, apariencia y gr\u00e1ficos.<\/li>\n<li>La reproducci\u00f3n est\u00e1 prohibida salvo de conformidad con la nota de copyright, que forma parte de estos t\u00e9rminos y condiciones.<\/li>\n<li>Todas las marcas reproducidas en esta p\u00e1gina web, que no son propiedad de, o con licencia para el operador, son reconocidas en el sitio web.<\/li>\n<li>El uso no autorizado de este sitio web puede dar lugar a una reclamaci\u00f3n por da\u00f1os y perjuicios y \/ o constituir un delito.<\/li>\n<li>De vez en cuando, este sitio tambi\u00e9n puede incluir enlaces a otros sitios web. Estos enlaces son proporcionados para su conveniencia para proporcionar m\u00e1s informaci\u00f3n. Esto no significa que estamos de acuerdo con el sitio web (s). No tenemos ninguna responsabilidad sobre el contenido del sitio web vinculado (s).<\/li>\n<li>El uso de este sitio web y cualquier disputa que surja de ese uso de la p\u00e1gina web est\u00e1 sujeto a las leyes de Colombia.<\/li>\n<\/ul>\n<\/div>\n<p>[\/et_pb_text][\/et_pb_column][\/et_pb_row][\/et_pb_section]<\/p>\n","protected":false},"excerpt":{"rendered":"<p>[et_pb_section fb_built=&#8221;1&#8243; _builder_version=&#8221;4.0.10&#8243;][et_pb_row _builder_version=&#8221;4.0.10&#8243;][et_pb_column _builder_version=&#8221;4.0.10&#8243; type=&#8221;4_4&#8243;][et_pb_text _builder_version=&#8221;4.0.10&#8243; custom_padding=&#8221;||11px|||&#8221;] T\u00e9rminos y Condiciones [\/et_pb_text][et_pb_text _builder_version=&#8221;4.0.10&#8243; hover_enabled=&#8221;0&#8243;] Bienvenido a nuestro sitio web. Si contin\u00faa navegando y utilizando este sitio web, usted acepta cumplir y estar sujeto a los siguientes t\u00e9rminos y condiciones de uso, que junto con nuestra pol\u00edtica de privacidad gobiernan https:\/\/proksol.com\/marketing\/ la relaci\u00f3n con usted en [&hellip;]<\/p>\n","protected":false},"author":15,"featured_media":0,"parent":0,"menu_order":0,"comment_status":"closed","ping_status":"closed","template":"page-template-blank.php","meta":{"_et_pb_use_builder":"on","_et_pb_old_content":""},"_links":{"self":[{"href":"https:\/\/proksol.com\/marketing\/wp-json\/wp\/v2\/pages\/5656"}],"collection":[{"href":"https:\/\/proksol.com\/marketing\/wp-json\/wp\/v2\/pages"}],"about":[{"href":"https:\/\/proksol.com\/marketing\/wp-json\/wp\/v2\/types\/page"}],"author":[{"embeddable":true,"href":"https:\/\/proksol.com\/marketing\/wp-json\/wp\/v2\/users\/15"}],"replies":[{"embeddable":true,"href":"https:\/\/proksol.com\/marketing\/wp-json\/wp\/v2\/comments?post=5656"}],"version-history":[{"count":2,"href":"https:\/\/proksol.com\/marketing\/wp-json\/wp\/v2\/pages\/5656\/revisions"}],"predecessor-version":[{"id":5659,"href":"https:\/\/proksol.com\/marketing\/wp-json\/wp\/v2\/pages\/5656\/revisions\/5659"}],"wp:attachment":[{"href":"https:\/\/proksol.com\/marketing\/wp-json\/wp\/v2\/media?parent=5656"}],"curies":[{"name":"wp","href":"https:\/\/api.w.org\/{rel}","templated":true}]}}