{"id":3,"date":"2020-08-03T14:51:42","date_gmt":"2020-08-03T14:51:42","guid":{"rendered":"http:\/\/proksol.com\/marketing\/?page_id=3"},"modified":"2021-07-26T11:36:14","modified_gmt":"2021-07-26T11:36:14","slug":"politica-privacidad","status":"publish","type":"page","link":"https:\/\/proksol.com\/marketing\/politica-privacidad\/","title":{"rendered":"Pol\u00edtica de privacidad"},"content":{"rendered":"<p>[et_pb_section fb_built=&#8221;1&#8243; admin_label=&#8221;section&#8221; _builder_version=&#8221;3.22&#8243;][et_pb_row admin_label=&#8221;row&#8221; _builder_version=&#8221;3.25&#8243; background_size=&#8221;initial&#8221; background_position=&#8221;top_left&#8221; background_repeat=&#8221;repeat&#8221;][et_pb_column type=&#8221;4_4&#8243; _builder_version=&#8221;3.25&#8243; custom_padding=&#8221;|||&#8221; custom_padding__hover=&#8221;|||&#8221;][et_pb_text admin_label=&#8221;Text&#8221; _builder_version=&#8221;4.0.10&#8243; background_size=&#8221;initial&#8221; background_position=&#8221;top_left&#8221; background_repeat=&#8221;repeat&#8221; hover_enabled=&#8221;0&#8243;]<\/p>\n<p><!-- divi:heading --><\/p>\n<h2>Pol\u00edtica de Privacidad<\/h2>\n<p>Esta pol\u00edtica de privacidad establece la forma en que<span>\u00a0<\/span><a href=\"https:\/\/proksol.com\/marketing\/\">https:\/\/proksol.com\/marketing\/<\/a><a href=\"https:\/\/vittal.com.co\/\"><\/a><span>\u00a0<\/span>usa y protege cualquier informaci\u00f3n que usted da a<span>\u00a0<\/span>https:\/\/proksol.com\/marketing\/<span>\u00a0<\/span>cuando se utiliza este sitio web.<\/p>\n<p><a href=\"https:\/\/proksol.com\/marketing\/\">https:\/\/proksol.com\/marketing\/<\/a><a href=\"https:\/\/fizalogistics.co\/marketing\"><\/a><span>\u00a0<\/span>se compromete a garantizar que su privacidad est\u00e1 protegida.<\/p>\n<p>Usted puede estar seguro de la informaci\u00f3n que ingresa para identificarse en este sitio web, solo se utilizar\u00e1 de acuerdo con esta declaraci\u00f3n de privacidad.<\/p>\n<p><a href=\"https:\/\/vittal.com.co\/\">https:\/\/proksol.com\/marketing\/<\/a><a href=\"https:\/\/fizalogistics.co\/marketing\"><\/a><span>\u00a0<\/span>puede cambiar esta pol\u00edtica de vez en cuando al actualizar esta p\u00e1gina. Usted debe visitar esta p\u00e1gina de vez en cuando para asegurarse de que est\u00e1 satisfecho con los cambios. Esta pol\u00edtica es efectiva a partir de enero 1 de 1998.<\/p>\n<h3><\/h3>\n<h3>Descripci\u00f3n del tipo de datos personales que recopila<span>\u00a0<a href=\"https:\/\/vittal.com.co\/\">https:\/\/proksol.com\/marketing\/<\/a><\/span><a href=\"https:\/\/fizalogistics.co\/marketing\"><\/a><\/h3>\n<p>\u00a0<span style=\"font-size: 14px;\">Al hacer uso de nuestro sitio web, usted acepta de forma voluntaria impl\u00edcita y t\u00e1citamente nuestra pol\u00edtica de privacidad junto con nuestros t\u00e9rminos y condiciones.<\/span><\/p>\n<p>Recopilamos sus datos personales b\u00e1sicos para poder contactarle y procesar pedidos. La informaci\u00f3n que obtenemos es informaci\u00f3n de contacto incluyendo direcci\u00f3n de correo electr\u00f3nico, informaci\u00f3n demogr\u00e1fica e informaci\u00f3n general.<\/p>\n<h3><\/h3>\n<h3>Uso que le damos a la informaci\u00f3n que recopilamos<\/h3>\n<p>Necesitamos esta informaci\u00f3n para entender sus necesidades y ofrecerle un mejor servicio, y en particular por las siguientes razones:<\/p>\n<ul>\n<li>Registrarlo en el sistema<\/li>\n<li>Podemos utilizar la informaci\u00f3n para mejorar nuestros productos y servicios.<\/li>\n<li>Ante la posibilidad de enviar correos electr\u00f3nicos promocionales sobre nuevos productos, ofertas especiales u otra informaci\u00f3n que pensamos que puede resultar interesante para utilizar la direcci\u00f3n de correo electr\u00f3nico que usted ha proporcionado.<\/li>\n<li>Podemos comunicarnos con usted por correo electr\u00f3nico, tel\u00e9fono, fax<\/li>\n<li>Podemos utilizar la informaci\u00f3n para personalizar el sitio web de acuerdo a sus intereses.<\/li>\n<li>No distribuimos sus datos a terceros<\/li>\n<li>No vamos a vender, distribuir o ceder su informaci\u00f3n personal a terceros a menos que tengamos su permiso.<\/li>\n<\/ul>\n<h3><\/h3>\n<h3>Modificaci\u00f3n o eliminaci\u00f3n de sus datos<\/h3>\n<p>Usted puede modificar o eliminar sus datos en cualquier momento solicit\u00e1ndolo por correo electr\u00f3nico a<span>\u00a0info@fizalogistics.co<\/span><\/p>\n<p>Si usted cree que cualquier informaci\u00f3n que tenemos sobre usted es incorrecta o incompleta, por favor escriba o env\u00edenos un correo electr\u00f3nico tan pronto como sea posible, a la direcci\u00f3n anterior. A la brevedad se corregir\u00e1 cualquier informaci\u00f3n que sea incorrecta.<\/p>\n<h3><\/h3>\n<h3>Instrucciones para dejar de recibir comunicaciones<\/h3>\n<p>Usted puede optar por dejar de recibir comunicaciones solicit\u00e1ndolo por escrito o por correo electr\u00f3nico a<span>\u00a0contacto@vittal.com.co<\/span><\/p>\n<h3><\/h3>\n<h3>Seguridad<\/h3>\n<p>Estamos comprometidos a asegurar que su informaci\u00f3n est\u00e1 segura. Con el fin de evitar el acceso no autorizado o divulgaci\u00f3n, hemos puesto en marcha procedimientos f\u00edsicos, electr\u00f3nicos y administrativos para salvaguardar y asegurar la informaci\u00f3n que recopilamos en l\u00ednea.<\/p>\n<h3><\/h3>\n<h3>C\u00f3mo utilizamos las cookies<\/h3>\n<p>Una cookie es un peque\u00f1o archivo que pide permiso para ser colocado en el disco duro de su ordenador. Una vez que usted est\u00e1 de acuerdo, el archivo se a\u00f1ade y la cookie ayuda a analizar el tr\u00e1fico web o le permite saber cuando usted visita un sitio en particular.<\/p>\n<p>Las cookies permiten que las aplicaciones web le ofrezcan contenido m\u00e1s relevante para usted como individuo. La aplicaci\u00f3n Web puede adaptar su funcionamiento a sus necesidades, gustos y disgustos por reunir y recordar la informaci\u00f3n acerca de sus preferencias.<\/p>\n<p>Utilizamos cookies de registro del tr\u00e1fico para identificar qu\u00e9 p\u00e1ginas se est\u00e1n utilizando. Esto nos ayuda a analizar los datos sobre el tr\u00e1fico web y mejorar nuestro sitio web con el fin de adaptarlo a las necesidades del cliente. Solo utilizamos esta informaci\u00f3n para fines de an\u00e1lisis estad\u00edstico y luego los datos se eliminan del sistema.<\/p>\n<p>En general, las cookies nos ayudan a ofrecerle un mejor sitio web, por lo que nos permite controlar las p\u00e1ginas que encuentra \u00fatiles y cuales no. Una cookie no nos da acceso a su computadora o a cualquier informaci\u00f3n sobre usted, excepto los datos que usted decida compartir con nosotros.<\/p>\n<p>Puede elegir entre aceptar o rechazar las cookies. La mayor\u00eda de los navegadores web aceptan autom\u00e1ticamente las cookies, pero usted puede modificar la configuraci\u00f3n de su navegador para rechazar cookies si lo prefiere.<\/p>\n<p>&nbsp;<\/p>\n<h3>Los enlaces a otros sitios web<\/h3>\n<p>Nuestro sitio web puede contener enlaces a otros sitios de inter\u00e9s. Sin embargo, una vez que haya utilizado estos enlaces para salir de nuestro sitio, debe tener en cuenta que no tenemos ning\u00fan control sobre ese otro sitio web. Por lo tanto, no podemos ser responsables de la protecci\u00f3n y la privacidad de cualquier informaci\u00f3n que usted proporcione al visitar estos sitios y estos sitios no se rigen por la presente declaraci\u00f3n de privacidad. Usted debe tener cuidado y leer la declaraci\u00f3n de privacidad aplicable al sitio web en cuesti\u00f3n.<\/p>\n<p><!-- \/divi:heading --><\/p>\n<p>[\/et_pb_text][\/et_pb_column][\/et_pb_row][\/et_pb_section]<\/p>\n","protected":false},"excerpt":{"rendered":"<p>[et_pb_section fb_built=&#8221;1&#8243; admin_label=&#8221;section&#8221; _builder_version=&#8221;3.22&#8243;][et_pb_row admin_label=&#8221;row&#8221; _builder_version=&#8221;3.25&#8243; background_size=&#8221;initial&#8221; background_position=&#8221;top_left&#8221; background_repeat=&#8221;repeat&#8221;][et_pb_column type=&#8221;4_4&#8243; _builder_version=&#8221;3.25&#8243; custom_padding=&#8221;|||&#8221; custom_padding__hover=&#8221;|||&#8221;][et_pb_text admin_label=&#8221;Text&#8221; _builder_version=&#8221;4.0.10&#8243; background_size=&#8221;initial&#8221; background_position=&#8221;top_left&#8221; background_repeat=&#8221;repeat&#8221; hover_enabled=&#8221;0&#8243;] Pol\u00edtica de Privacidad Esta pol\u00edtica de privacidad establece la forma en que\u00a0https:\/\/proksol.com\/marketing\/\u00a0usa y protege cualquier informaci\u00f3n que usted da a\u00a0https:\/\/proksol.com\/marketing\/\u00a0cuando se utiliza este sitio web. https:\/\/proksol.com\/marketing\/\u00a0se compromete a garantizar que su privacidad est\u00e1 protegida. Usted puede [&hellip;]<\/p>\n","protected":false},"author":29,"featured_media":0,"parent":0,"menu_order":0,"comment_status":"closed","ping_status":"open","template":"page-template-blank.php","meta":{"_et_pb_use_builder":"on","_et_pb_old_content":"<!-- wp:heading -->\n<h2>Qui\u00e9nes somos<\/h2>\n<!-- \/wp:heading -->\n\n<!-- wp:paragraph -->\n<p>La direcci\u00f3n de nuestra web es: http:\/\/proksol.com\/marketing.<\/p>\n<!-- \/wp:paragraph -->\n\n<!-- wp:heading -->\n<h2>Qu\u00e9 datos personales recogemos y por qu\u00e9 los recogemos<\/h2>\n<!-- \/wp:heading -->\n\n<!-- wp:heading {\"level\":3} -->\n<h3>Comentarios<\/h3>\n<!-- \/wp:heading -->\n\n<!-- wp:paragraph -->\n<p>Cuando los visitantes dejan comentarios en la web, recopilamos los datos que se muestran en el formulario de comentarios, as\u00ed como la direcci\u00f3n IP del visitante y la cadena de agentes de usuario del navegador para ayudar a la detecci\u00f3n de spam.<\/p>\n<!-- \/wp:paragraph -->\n\n<!-- wp:paragraph -->\n<p>Una cadena an\u00f3nima creada a partir de tu direcci\u00f3n de correo electr\u00f3nico (tambi\u00e9n llamada hash) puede ser proporcionada al servicio de Gravatar para ver si la est\u00e1s usando. La pol\u00edtica de privacidad del servicio Gravatar est\u00e1 disponible aqu\u00ed: https:\/\/automattic.com\/privacy\/. Despu\u00e9s de la aprobaci\u00f3n de tu comentario, la imagen de tu perfil es visible para el p\u00fablico en el contexto de tu comentario.<\/p>\n<!-- \/wp:paragraph -->\n\n<!-- wp:heading {\"level\":3} -->\n<h3>Medios<\/h3>\n<!-- \/wp:heading -->\n\n<!-- wp:paragraph -->\n<p>Si subes im\u00e1genes a la web, deber\u00edas evitar subir im\u00e1genes con datos de ubicaci\u00f3n (GPS EXIF) incluidos. Los visitantes de la web pueden descargar y extraer cualquier dato de ubicaci\u00f3n de las im\u00e1genes de la web.<\/p>\n<!-- \/wp:paragraph -->\n\n<!-- wp:heading {\"level\":3} -->\n<h3>Formularios de contacto<\/h3>\n<!-- \/wp:heading -->\n\n<!-- wp:heading {\"level\":3} -->\n<h3>Cookies<\/h3>\n<!-- \/wp:heading -->\n\n<!-- wp:paragraph -->\n<p>Si dejas un comentario en nuestro sitio puedes elegir guardar tu nombre, direcci\u00f3n de correo electr\u00f3nico y web en cookies. Esto es para tu comodidad, para que no tengas que volver a rellenar tus datos cuando dejes otro comentario. Estas cookies tendr\u00e1n una duraci\u00f3n de un a\u00f1o.<\/p>\n<!-- \/wp:paragraph -->\n\n<!-- wp:paragraph -->\n<p>Si tienes una cuenta y te conectas a este sitio, instalaremos una cookie temporal para determinar si tu navegador acepta cookies. Esta cookie no contiene datos personales y se elimina al cerrar el navegador.<\/p>\n<!-- \/wp:paragraph -->\n\n<!-- wp:paragraph -->\n<p>Cuando accedas, tambi\u00e9n instalaremos varias cookies para guardar tu informaci\u00f3n de acceso y tus opciones de visualizaci\u00f3n de pantalla. Las cookies de acceso duran dos d\u00edas, y las cookies de opciones de pantalla duran un a\u00f1o. Si seleccionas \u00abRecu\u00e9rdarme\u00bb, tu acceso perdurar\u00e1 durante dos semanas. Si sales de tu cuenta, las cookies de acceso se eliminar\u00e1n.<\/p>\n<!-- \/wp:paragraph -->\n\n<!-- wp:paragraph -->\n<p>Si editas o publicas un art\u00edculo se guardar\u00e1 una cookie adicional en tu navegador. Esta cookie no incluye datos personales y simplemente indica el ID del art\u00edculo que acabas de editar. Caduca despu\u00e9s de 1 d\u00eda.<\/p>\n<!-- \/wp:paragraph -->\n\n<!-- wp:heading {\"level\":3} -->\n<h3>Contenido incrustado de otros sitios web<\/h3>\n<!-- \/wp:heading -->\n\n<!-- wp:paragraph -->\n<p>Los art\u00edculos de este sitio pueden incluir contenido incrustado (por ejemplo, v\u00eddeos, im\u00e1genes, art\u00edculos, etc.). El contenido incrustado de otras webs se comporta exactamente de la misma manera que si el visitante hubiera visitado la otra web.<\/p>\n<!-- \/wp:paragraph -->\n\n<!-- wp:paragraph -->\n<p>Estas web pueden recopilar datos sobre ti, utilizar cookies, incrustar un seguimiento adicional de terceros, y supervisar tu interacci\u00f3n con ese contenido incrustado, incluido el seguimiento de tu interacci\u00f3n con el contenido incrustado si tienes una cuenta y est\u00e1s conectado a esa web.<\/p>\n<!-- \/wp:paragraph -->\n\n<!-- wp:heading {\"level\":3} -->\n<h3>Anal\u00edtica<\/h3>\n<!-- \/wp:heading -->\n\n<!-- wp:heading -->\n<h2>Con qui\u00e9n compartimos tus datos<\/h2>\n<!-- \/wp:heading -->\n\n<!-- wp:heading -->\n<h2>Cu\u00e1nto tiempo conservamos tus datos<\/h2>\n<!-- \/wp:heading -->\n\n<!-- wp:paragraph -->\n<p>Si dejas un comentario, el comentario y sus metadatos se conservan indefinidamente. Esto es para que podamos reconocer y aprobar comentarios sucesivos autom\u00e1ticamente, en lugar de mantenerlos en una cola de moderaci\u00f3n.<\/p>\n<!-- \/wp:paragraph -->\n\n<!-- wp:paragraph -->\n<p>De los usuarios que se registran en nuestra web (si los hay), tambi\u00e9n almacenamos la informaci\u00f3n personal que proporcionan en su perfil de usuario. Todos los usuarios pueden ver, editar o eliminar su informaci\u00f3n personal en cualquier momento (excepto que no pueden cambiar su nombre de usuario). Los administradores de la web tambi\u00e9n pueden ver y editar esa informaci\u00f3n.<\/p>\n<!-- \/wp:paragraph -->\n\n<!-- wp:heading -->\n<h2>Qu\u00e9 derechos tienes sobre tus datos<\/h2>\n<!-- \/wp:heading -->\n\n<!-- wp:paragraph -->\n<p>Si tienes una cuenta o has dejado comentarios en esta web, puedes solicitar recibir un archivo de exportaci\u00f3n de los datos personales que tenemos sobre ti, incluyendo cualquier dato que nos hayas proporcionado. Tambi\u00e9n puedes solicitar que eliminemos cualquier dato personal que tengamos sobre ti. Esto no incluye ning\u00fan dato que estemos obligados a conservar con fines administrativos, legales o de seguridad.<\/p>\n<!-- \/wp:paragraph -->\n\n<!-- wp:heading -->\n<h2>D\u00f3nde enviamos tus datos<\/h2>\n<!-- \/wp:heading -->\n\n<!-- wp:paragraph -->\n<p>Los comentarios de los visitantes puede que los revise un servicio de detecci\u00f3n autom\u00e1tica de spam.<\/p>\n<!-- \/wp:paragraph -->\n\n<!-- wp:heading -->\n<h2>Tu informaci\u00f3n de contacto<\/h2>\n<!-- \/wp:heading -->\n\n<!-- wp:heading -->\n<h2>Informaci\u00f3n adicional<\/h2>\n<!-- \/wp:heading -->\n\n<!-- wp:heading {\"level\":3} -->\n<h3>C\u00f3mo protegemos tus datos<\/h3>\n<!-- \/wp:heading -->\n\n<!-- wp:heading {\"level\":3} -->\n<h3>Qu\u00e9 procedimientos utilizamos contra las brechas de datos<\/h3>\n<!-- \/wp:heading -->\n\n<!-- wp:heading {\"level\":3} -->\n<h3>De qu\u00e9 terceros recibimos datos<\/h3>\n<!-- \/wp:heading -->\n\n<!-- wp:heading {\"level\":3} -->\n<h3>Qu\u00e9 tipo de toma de decisiones automatizada y\/o perfilado hacemos con los datos del usuario<\/h3>\n<!-- \/wp:heading -->\n\n<!-- wp:heading {\"level\":3} -->\n<h3>Requerimientos regulatorios de revelaci\u00f3n de informaci\u00f3n del sector<\/h3>\n<!-- \/wp:heading -->"},"_links":{"self":[{"href":"https:\/\/proksol.com\/marketing\/wp-json\/wp\/v2\/pages\/3"}],"collection":[{"href":"https:\/\/proksol.com\/marketing\/wp-json\/wp\/v2\/pages"}],"about":[{"href":"https:\/\/proksol.com\/marketing\/wp-json\/wp\/v2\/types\/page"}],"author":[{"embeddable":true,"href":"https:\/\/proksol.com\/marketing\/wp-json\/wp\/v2\/users\/29"}],"replies":[{"embeddable":true,"href":"https:\/\/proksol.com\/marketing\/wp-json\/wp\/v2\/comments?post=3"}],"version-history":[{"count":6,"href":"https:\/\/proksol.com\/marketing\/wp-json\/wp\/v2\/pages\/3\/revisions"}],"predecessor-version":[{"id":5653,"href":"https:\/\/proksol.com\/marketing\/wp-json\/wp\/v2\/pages\/3\/revisions\/5653"}],"wp:attachment":[{"href":"https:\/\/proksol.com\/marketing\/wp-json\/wp\/v2\/media?parent=3"}],"curies":[{"name":"wp","href":"https:\/\/api.w.org\/{rel}","templated":true}]}}